{"id":2366,"date":"2025-08-18T16:48:03","date_gmt":"2025-08-18T14:48:03","guid":{"rendered":"https:\/\/arkgroup.pl\/?page_id=2366"},"modified":"2025-08-20T14:53:17","modified_gmt":"2025-08-20T12:53:17","slug":"garbary-26","status":"publish","type":"page","link":"https:\/\/arkgroup.pl\/?page_id=2366","title":{"rendered":"Garbary 26"},"content":{"rendered":"\t\t<div data-elementor-type=\"wp-page\" data-elementor-id=\"2366\" class=\"elementor elementor-2366\" data-elementor-post-type=\"page\">\n\t\t\t\t<div class=\"elementor-element elementor-element-ff37e36 e-flex e-con-boxed e-con e-parent\" data-id=\"ff37e36\" data-element_type=\"container\" data-settings=\"{&quot;jet_parallax_layout_list&quot;:[]}\">\n\t\t\t\t\t<div class=\"e-con-inner\">\n\t\t\t\t<div class=\"elementor-element elementor-element-1d605cc elementor-widget elementor-widget-houzez_elementor_section_title\" data-id=\"1d605cc\" data-element_type=\"widget\" data-widget_type=\"houzez_elementor_section_title.default\">\n\t\t\t\t<div class=\"elementor-widget-container\">\n\t\t\t\t\t            <div class=\"houzez_section_title_wrap section-title-module\">\n                                    <h2 class=\"houzez_section_title\">Garabry 26 Pozna\u0144<\/h2>\n                \n                            <\/div>\n            \t\t\t\t<\/div>\n\t\t\t\t<\/div>\n\t\t\t\t<div class=\"elementor-element elementor-element-231ed5a elementor-widget elementor-widget-text-editor\" data-id=\"231ed5a\" data-element_type=\"widget\" data-widget_type=\"text-editor.default\">\n\t\t\t\t<div class=\"elementor-widget-container\">\n\t\t\t\t\t\t\t\t\t<h1>Garbary 26 \u2013 Kamienica Pe\u0142na Historii<\/h1><p>Garbary 26 to adres, kt\u00f3ry w sercu Poznania od dekad opowiada histori\u0119 miasta. W otoczeniu brukowanych ulic, w\u015br\u00f3d zabytkowych kamienic i nowoczesnych przestrzeni, wyr\u00f3\u017cnia si\u0119 budynek, kt\u00f3rego dusz\u0119 czu\u0107 w ka\u017cdym detalu. Budynek, kt\u00f3ry zosta\u0142 wzniesiony ok. 1825 r. na zlecenie zamo\u017cnego garncarza Fia\u0142kowskiego, by\u0142 \u015bwiadkiem wielkich wydarze\u0144. Jego mury widzia\u0142y zar\u00f3wno zgie\u0142k codziennego \u017cycia przedwojennego Poznania, jak i dramatyczne chwile burzliwej historii. W latach 80 XIX wieku w kamienicy tej mieszka\u0142 znany polski dzia\u0142acz polityczny i spo\u0142eczny Kazimierz Kantak, co uhonowano tablic\u0105 pami\u0105tkow\u0105 na elewacji frontowej. Teraz po starannej renowacji, po\u0142\u0105czy historyczn\u0105 atmosfer\u0119 z nowoczesnym komfortem, tworz\u0105c miejsce, gdzie przesz\u0142o\u015b\u0107 staje si\u0119 integraln\u0105 cz\u0119\u015bci\u0105 wsp\u00f3\u0142czesnego \u017cycia.<\/p>\t\t\t\t\t\t\t\t<\/div>\n\t\t\t\t<\/div>\n\t\t\t\t<div class=\"elementor-element elementor-element-944a617 elementor-widget elementor-widget-text-editor\" data-id=\"944a617\" data-element_type=\"widget\" data-widget_type=\"text-editor.default\">\n\t\t\t\t<div class=\"elementor-widget-container\">\n\t\t\t\t\t\t\t\t\t<h1>Rewitalizacja<\/h1><p>Kamienica wyr\u00f3\u017cnia si\u0119 bogatymi zdobieniami fasady \u2013 eleganckie gzymsy, ornamenty i wysokie okna s\u0105 \u015bwiadectwem kunsztu dawnych mistrz\u00f3w budowlanych. Prace przy zabytkowych budynkach s\u0105 procesem bardzo z\u0142o\u017conym i wymagaj\u0105cym. Przy planowaniu tego rodzaju przedsi\u0119wzi\u0119cia nale\u017cy pieczo\u0142owicie wyeksponowa\u0107 wszystkie walory architektoniczne i historyczne. Niezmiernie trudne jest po\u0142\u0105czenie tych aspekt\u00f3w z wymaganiami technicznymi i funkcjonalnymi kt\u00f3re s\u0105 oczekiwane przez wsp\u00f3\u0142czesnych U\u017cytkownik\u00f3w. Przy projekcie \u201eGarbary 26\u201d starali\u015bmy si\u0119 wywa\u017cy\u0107 elementy tradycyjne i nowoczesne, aby zachowa\u0107 niepowtarzaln\u0105 dusz\u0119 budynku bez utraty komfortu wsp\u00f3\u0142czesnego mieszkania. Wiele element\u00f3w zosta\u0142o wykonanych na zam\u00f3wienie wed\u0142ug indywidualnego projektu tak, aby pod\u0105\u017ca\u0107 za t\u0105 wizj\u0105.<\/p><h1>Wysoki standard<\/h1><h4>Cz\u0119\u015bci wsp\u00f3lne<\/h4><ul><li>kompleksowa renowacja elewacji frontowej wraz z odtworzeniem sztukaterii, tylna elewacja z izolacj\u0105 termiczn\u0105<\/li><li>wymiana pokrycia dachowego na nowe, izolacja termiczna po\u0142aci dachu<\/li><li>zabytkowa klatka poddana kompleksowej renowacji element\u00f3w drewnianych wraz z odtworzeniem detali architektonicznych<\/li><li>ci\u0105gi komunikacyjne pokryte stylizowanymi p\u0142ytkami kamionkowymi wykonanymi tradycyjnymi metodami w Portugalii<\/li><li>stolarka drewniana z elementami historyzuj\u0105cymi<\/li><li>wykonane na zam\u00f3wienie zintegrowane o\u015bwietlenie LED numer\u00f3w lokali na bocznych obudowach o\u015bcie\u017cnic<\/li><li>dyskretne o\u015bwietlenie elewacji frontowej budynku<\/li><li>fundamenty otrzymaj\u0105 izolacj\u0119 przeciwwilgociow\u0105 i termiczn\u0105<\/li><li>wymiana wszystkich instalacji w budynku (wodno-kanalizacyjna, elektryczna, gazowa, wentylacyjna, \u015bwiat\u0142owodowa) i doprowadzenie ich do lokali<\/li><li>zagospodarowanie dziedzi\u0144ca (utwardzenia, nasadzenia, o\u015bwietlenie, wiata na rowery i \u015bmieci)<\/li><\/ul><h4>\u00a0<\/h4><h4>Lokale:<\/h4><ul><li>wysoko\u015b\u0107 pomieszcze\u0144 ok. 2,7-3,0 m<\/li><li>drewniane drzwi z elementami historyzuj\u0105cymi w kolorze br\u0105zowym<\/li><li>drewniane okna z elementami historyzuj\u0105cymi w kolorze br\u0105zowym (pakiety 3-szybowe)<\/li><li>zamontowany kocio\u0142 gazowy dwufunkcyjny (nowoczesny i oszcz\u0119dny model kondensacyjny)<\/li><li>wybrane lokale s\u0105 wyposa\u017cone w instalacje umo\u017cliwiaj\u0105ce monta\u017c klimatyzator\u00f3w<\/li><li>lokale s\u0105 wydawane w stanie przygotowanym do wykonania samodzielnego remontu (na \u017cyczenie mo\u017cliwo\u015b\u0107 wyko\u0144czenia nawet do stanu \u201epod klucz\u201d czy zaprojektowania wn\u0119trza; mo\u017cna dzi\u0119ki temu stworzy\u0107 przestrze\u0144 dok\u0142adnie wed\u0142ug swoich preferencji)<\/li><\/ul><h4>\u00a0<\/h4><h4>Przestrze\u0144 dla Wsp\u00f3\u0142czesnych Potrzeb<\/h4><p>Wn\u0119trza kamienicy przekszta\u0142cono w nowoczesne apartamenty i przestrzenie us\u0142ugowe, kt\u00f3re \u0142\u0105cz\u0105 funkcjonalno\u015b\u0107 z estetyk\u0105. Du\u017ce przeszklenia wpuszczaj\u0105 mn\u00f3stwo \u015bwiat\u0142a, a wysokie sufity pot\u0119guj\u0105 poczucie przestrzeni. Ka\u017cde pomieszczenie zaprojektowano tak, by sprosta\u0107 oczekiwaniom najbardziej wymagaj\u0105cych mieszka\u0144c\u00f3w i najemc\u00f3w.<\/p>\t\t\t\t\t\t\t\t<\/div>\n\t\t\t\t<\/div>\n\t\t\t\t<div class=\"elementor-element elementor-element-652ed21 elementor-widget elementor-widget-text-editor\" data-id=\"652ed21\" data-element_type=\"widget\" data-widget_type=\"text-editor.default\">\n\t\t\t\t<div class=\"elementor-widget-container\">\n\t\t\t\t\t\t\t\t\t<h4>Lokalizacja Pe\u0142na \u017bycia<\/h4><p>Garbary to jedna z najbardziej dynamicznych ulic Poznania. Blisko\u015b\u0107 Starego Rynku (odleg\u0142o\u015b\u0107 ok. 500 m), restauracji, kawiarni i sklep\u00f3w sprawia, \u017ce \u017cycie toczy si\u0119 tutaj w rytmie miasta. Dla mi\u0142o\u015bnik\u00f3w aktywnego wypoczynku \u0142atwy dost\u0119p do teren\u00f3w rekreacyjnych nad Wart\u0105 stanowi dodatkowy atut. W odleg\u0142o\u015bci 50 m przystanek tramwajowy, w odleg\u0142o\u015bci 100 m przystanek autobusowy.<\/p><h4>Dost\u0119pne lokale<\/h4><p>Mo\u017cna wybiera\u0107 spo\u015br\u00f3d mieszka\u0144 1,2 i 3-pokojowych o metra\u017cach 25-53 m2 oraz lokali u\u017cytkowych o metra\u017cach 22-75 m2<\/p>\t\t\t\t\t\t\t\t<\/div>\n\t\t\t\t<\/div>\n\t\t\t\t\t<\/div>\n\t\t\t\t<\/div>\n\t\t<div class=\"elementor-element elementor-element-0d61f4d e-flex e-con-boxed e-con e-parent\" data-id=\"0d61f4d\" data-element_type=\"container\" data-settings=\"{&quot;jet_parallax_layout_list&quot;:[]}\">\n\t\t\t\t\t<div class=\"e-con-inner\">\n\t\t\t\t<div class=\"elementor-element elementor-element-df527f0 elementor-widget elementor-widget-global elementor-global-2457 elementor-widget-jet-images-layout\" data-id=\"df527f0\" data-element_type=\"widget\" data-settings=\"{&quot;columns&quot;:&quot;4&quot;,&quot;columns_tablet&quot;:&quot;2&quot;,&quot;columns_mobile&quot;:&quot;1&quot;}\" data-widget_type=\"jet-images-layout.default\">\n\t\t\t\t<div class=\"elementor-widget-container\">\n\t\t\t\t\t<div class=\"elementor-jet-images-layout jet-elements\">\n<div class=\"jet-images-layout layout-type-masonry\" data-settings='{&quot;layoutType&quot;:&quot;masonry&quot;,&quot;justifyHeight&quot;:300}'>\n\t<div class=\"jet-images-layout__list salvattore column-desktop-4 column-tablet-2 column-mobile-1\" data-columns>\n<div class=\"jet-images-layout__item \">\n\t<div class=\"jet-images-layout__inner\">\n\t\t<div class=\"jet-images-layout__image-loader\"><span><\/span><\/div>\n\t\t<a class=\"jet-images-layout__link \" href=\"https:\/\/arkgroup.pl\/wp-content\/uploads\/2025\/08\/Garbary26-LOKAL-01-1.pdf\" target=\"_self\" rel=\"\">\n\t\t\t<div class=\"jet-images-layout__image\">\n\t\t\t\t<img decoding=\"async\" class=\"jet-images-layout__image-instance\" src=\"https:\/\/arkgroup.pl\/wp-content\/uploads\/2025\/08\/Garbary26-LOKAL-01.png\" alt=\"Garbary26 - LOKAL 01\" loading=\"lazy\">\t\t\t<\/div>\n\t\t\t<div class=\"jet-images-layout__content\"><h5 class=\"jet-images-layout__title\">Sprawd\u017a<\/h5><\/div>\n\t\t<\/a>\n\t<\/div>\n<\/div>\n<div class=\"jet-images-layout__item \">\n\t<div class=\"jet-images-layout__inner\">\n\t\t<div class=\"jet-images-layout__image-loader\"><span><\/span><\/div>\n\t\t<a class=\"jet-images-layout__link \" href=\"https:\/\/arkgroup.pl\/wp-content\/uploads\/2025\/08\/Garbary26-LOKAL-02.pdf\" target=\"_self\" rel=\"\">\n\t\t\t<div class=\"jet-images-layout__image\">\n\t\t\t\t<img decoding=\"async\" class=\"jet-images-layout__image-instance\" src=\"https:\/\/arkgroup.pl\/wp-content\/uploads\/2025\/08\/Garbary26-LOKAL-02.png\" alt=\"Garbary26 - LOKAL 02\" loading=\"lazy\">\t\t\t<\/div>\n\t\t\t<div class=\"jet-images-layout__content\"><h5 class=\"jet-images-layout__title\">Lokal 2<\/h5><\/div>\n\t\t<\/a>\n\t<\/div>\n<\/div>\n<div class=\"jet-images-layout__item \">\n\t<div class=\"jet-images-layout__inner\">\n\t\t<div class=\"jet-images-layout__image-loader\"><span><\/span><\/div>\n\t\t<a class=\"jet-images-layout__link \" href=\"https:\/\/arkgroup.pl\/wp-content\/uploads\/2025\/08\/Garbary26-LOKAL-03.pdf\" target=\"_self\" rel=\"\">\n\t\t\t<div class=\"jet-images-layout__image\">\n\t\t\t\t<img decoding=\"async\" class=\"jet-images-layout__image-instance\" src=\"https:\/\/arkgroup.pl\/wp-content\/uploads\/2025\/08\/Garbary26-LOKAL-03.png\" alt=\"Garbary26 - LOKAL 03\" loading=\"lazy\">\t\t\t<\/div>\n\t\t\t<div class=\"jet-images-layout__content\"><h5 class=\"jet-images-layout__title\">Lokal 3<\/h5><\/div>\n\t\t<\/a>\n\t<\/div>\n<\/div>\n<div class=\"jet-images-layout__item \">\n\t<div class=\"jet-images-layout__inner\">\n\t\t<div class=\"jet-images-layout__image-loader\"><span><\/span><\/div>\n\t\t<a class=\"jet-images-layout__link \" href=\"https:\/\/arkgroup.pl\/wp-content\/uploads\/2025\/08\/Garbary26-LOKAL-04.pdf\" target=\"_self\" rel=\"\">\n\t\t\t<div class=\"jet-images-layout__image\">\n\t\t\t\t<img decoding=\"async\" class=\"jet-images-layout__image-instance\" src=\"https:\/\/arkgroup.pl\/wp-content\/uploads\/2025\/08\/Garbary26-LOKAL-04.png\" alt=\"Garbary26 - LOKAL 04\" loading=\"lazy\">\t\t\t<\/div>\n\t\t\t<div class=\"jet-images-layout__content\"><h5 class=\"jet-images-layout__title\">Lokal 4<\/h5><\/div>\n\t\t<\/a>\n\t<\/div>\n<\/div>\n<div class=\"jet-images-layout__item \">\n\t<div class=\"jet-images-layout__inner\">\n\t\t<div class=\"jet-images-layout__image-loader\"><span><\/span><\/div>\n\t\t<a class=\"jet-images-layout__link \" href=\"https:\/\/arkgroup.pl\/wp-content\/uploads\/2025\/08\/Garbary26-LOKAL-05.pdf\" target=\"_self\" rel=\"\">\n\t\t\t<div class=\"jet-images-layout__image\">\n\t\t\t\t<img decoding=\"async\" class=\"jet-images-layout__image-instance\" src=\"https:\/\/arkgroup.pl\/wp-content\/uploads\/2025\/08\/Garbary26-LOKAL-05.png\" alt=\"Garbary26 - LOKAL 05\" loading=\"lazy\">\t\t\t<\/div>\n\t\t\t<div class=\"jet-images-layout__content\"><h5 class=\"jet-images-layout__title\">Lokal 5<\/h5><\/div>\n\t\t<\/a>\n\t<\/div>\n<\/div>\n<div class=\"jet-images-layout__item \">\n\t<div class=\"jet-images-layout__inner\">\n\t\t<div class=\"jet-images-layout__image-loader\"><span><\/span><\/div>\n\t\t<a class=\"jet-images-layout__link \" href=\"https:\/\/arkgroup.pl\/wp-content\/uploads\/2025\/08\/Garbary26-LOKAL-06.pdf\" target=\"_self\" rel=\"\">\n\t\t\t<div class=\"jet-images-layout__image\">\n\t\t\t\t<img decoding=\"async\" class=\"jet-images-layout__image-instance\" src=\"https:\/\/arkgroup.pl\/wp-content\/uploads\/2025\/08\/Garbary26-LOKAL-06.png\" alt=\"Garbary26 - LOKAL 06\" loading=\"lazy\">\t\t\t<\/div>\n\t\t\t<div class=\"jet-images-layout__content\"><h5 class=\"jet-images-layout__title\">Lokal 6<\/h5><\/div>\n\t\t<\/a>\n\t<\/div>\n<\/div>\n<div class=\"jet-images-layout__item \">\n\t<div class=\"jet-images-layout__inner\">\n\t\t<div class=\"jet-images-layout__image-loader\"><span><\/span><\/div>\n\t\t<a class=\"jet-images-layout__link \" href=\"https:\/\/arkgroup.pl\/wp-content\/uploads\/2025\/08\/Garbary26-LOKAL-07.pdf\" target=\"_self\" rel=\"\">\n\t\t\t<div class=\"jet-images-layout__image\">\n\t\t\t\t<img decoding=\"async\" class=\"jet-images-layout__image-instance\" src=\"https:\/\/arkgroup.pl\/wp-content\/uploads\/2025\/08\/Garbary26-LOKAL-07.png\" alt=\"Garbary26 - LOKAL 07\" loading=\"lazy\">\t\t\t<\/div>\n\t\t\t<div class=\"jet-images-layout__content\"><h5 class=\"jet-images-layout__title\">Lokal 7<\/h5><\/div>\n\t\t<\/a>\n\t<\/div>\n<\/div>\n<div class=\"jet-images-layout__item \">\n\t<div class=\"jet-images-layout__inner\">\n\t\t<div class=\"jet-images-layout__image-loader\"><span><\/span><\/div>\n\t\t<a class=\"jet-images-layout__link \" href=\"https:\/\/arkgroup.pl\/wp-content\/uploads\/2025\/08\/Garbary26-LOKAL-08.pdf\" target=\"_self\" rel=\"\">\n\t\t\t<div class=\"jet-images-layout__image\">\n\t\t\t\t<img decoding=\"async\" class=\"jet-images-layout__image-instance\" src=\"https:\/\/arkgroup.pl\/wp-content\/uploads\/2025\/08\/Garbary26-LOKAL-08.png\" alt=\"Garbary26 - LOKAL 08\" loading=\"lazy\">\t\t\t<\/div>\n\t\t\t<div class=\"jet-images-layout__content\"><h5 class=\"jet-images-layout__title\">Lokal 8<\/h5><\/div>\n\t\t<\/a>\n\t<\/div>\n<\/div>\n<div class=\"jet-images-layout__item \">\n\t<div class=\"jet-images-layout__inner\">\n\t\t<div class=\"jet-images-layout__image-loader\"><span><\/span><\/div>\n\t\t<a class=\"jet-images-layout__link \" href=\"https:\/\/arkgroup.pl\/wp-content\/uploads\/2025\/08\/Garbary26-LOKAL-09.pdf\" target=\"_self\" rel=\"\">\n\t\t\t<div class=\"jet-images-layout__image\">\n\t\t\t\t<img decoding=\"async\" class=\"jet-images-layout__image-instance\" src=\"https:\/\/arkgroup.pl\/wp-content\/uploads\/2025\/08\/Garbary26-LOKAL-09.png\" alt=\"Garbary26 - LOKAL 09\" loading=\"lazy\">\t\t\t<\/div>\n\t\t\t<div class=\"jet-images-layout__content\"><h5 class=\"jet-images-layout__title\">Lokal 9<\/h5><\/div>\n\t\t<\/a>\n\t<\/div>\n<\/div>\n<div class=\"jet-images-layout__item \">\n\t<div class=\"jet-images-layout__inner\">\n\t\t<div class=\"jet-images-layout__image-loader\"><span><\/span><\/div>\n\t\t<a class=\"jet-images-layout__link \" href=\"https:\/\/arkgroup.pl\/wp-content\/uploads\/2025\/08\/Garbary26-LOKAL-10.pdf\" target=\"_self\" rel=\"\">\n\t\t\t<div class=\"jet-images-layout__image\">\n\t\t\t\t<img decoding=\"async\" class=\"jet-images-layout__image-instance\" src=\"https:\/\/arkgroup.pl\/wp-content\/uploads\/2025\/08\/Garbary26-LOKAL-10.png\" alt=\"Garbary26 - LOKAL 10\" loading=\"lazy\">\t\t\t<\/div>\n\t\t\t<div class=\"jet-images-layout__content\"><h5 class=\"jet-images-layout__title\">Lokal 10<\/h5><\/div>\n\t\t<\/a>\n\t<\/div>\n<\/div>\n<div class=\"jet-images-layout__item \">\n\t<div class=\"jet-images-layout__inner\">\n\t\t<div class=\"jet-images-layout__image-loader\"><span><\/span><\/div>\n\t\t<a class=\"jet-images-layout__link \" href=\"https:\/\/arkgroup.pl\/wp-content\/uploads\/2025\/08\/Garbary26-LOKAL-11.pdf\" target=\"_self\" rel=\"\">\n\t\t\t<div class=\"jet-images-layout__image\">\n\t\t\t\t<img decoding=\"async\" class=\"jet-images-layout__image-instance\" src=\"https:\/\/arkgroup.pl\/wp-content\/uploads\/2025\/08\/Garbary26-LOKAL-11.png\" alt=\"Garbary26 - LOKAL 11\" loading=\"lazy\">\t\t\t<\/div>\n\t\t\t<div class=\"jet-images-layout__content\"><h5 class=\"jet-images-layout__title\">Lokal 11<\/h5><\/div>\n\t\t<\/a>\n\t<\/div>\n<\/div>\n<\/div><\/div>\n<\/div>\t\t\t\t<\/div>\n\t\t\t\t<\/div>\n\t\t\t\t\t<\/div>\n\t\t\t\t<\/div>\n\t\t\t\t<\/div>\n\t\t","protected":false},"excerpt":{"rendered":"<p>Garabry 26 Pozna\u0144 Garbary 26 \u2013 Kamienica Pe\u0142na Historii Garbary 26 to adres, kt\u00f3ry w sercu Poznania od dekad opowiada histori\u0119 miasta. W otoczeniu brukowanych ulic, w\u015br\u00f3d zabytkowych kamienic i nowoczesnych przestrzeni, wyr\u00f3\u017cnia si\u0119 budynek, kt\u00f3rego dusz\u0119 czu\u0107 w ka\u017cdym detalu. Budynek, kt\u00f3ry zosta\u0142 wzniesiony ok. 1825 r. na zlecenie zamo\u017cnego garncarza Fia\u0142kowskiego, by\u0142 \u015bwiadkiem [&hellip;]<\/p>\n","protected":false},"author":1,"featured_media":0,"parent":0,"menu_order":0,"comment_status":"closed","ping_status":"closed","template":"","meta":{"footnotes":""},"class_list":["post-2366","page","type-page","status-publish","hentry"],"_links":{"self":[{"href":"https:\/\/arkgroup.pl\/index.php?rest_route=\/wp\/v2\/pages\/2366","targetHints":{"allow":["GET"]}}],"collection":[{"href":"https:\/\/arkgroup.pl\/index.php?rest_route=\/wp\/v2\/pages"}],"about":[{"href":"https:\/\/arkgroup.pl\/index.php?rest_route=\/wp\/v2\/types\/page"}],"author":[{"embeddable":true,"href":"https:\/\/arkgroup.pl\/index.php?rest_route=\/wp\/v2\/users\/1"}],"replies":[{"embeddable":true,"href":"https:\/\/arkgroup.pl\/index.php?rest_route=%2Fwp%2Fv2%2Fcomments&post=2366"}],"version-history":[{"count":38,"href":"https:\/\/arkgroup.pl\/index.php?rest_route=\/wp\/v2\/pages\/2366\/revisions"}],"predecessor-version":[{"id":2476,"href":"https:\/\/arkgroup.pl\/index.php?rest_route=\/wp\/v2\/pages\/2366\/revisions\/2476"}],"wp:attachment":[{"href":"https:\/\/arkgroup.pl\/index.php?rest_route=%2Fwp%2Fv2%2Fmedia&parent=2366"}],"curies":[{"name":"wp","href":"https:\/\/api.w.org\/{rel}","templated":true}]}}